{"id":424,"date":"2023-01-03T10:18:22","date_gmt":"2023-01-03T15:18:22","guid":{"rendered":"https:\/\/fightclubvaudreuil.com\/?page_id=424"},"modified":"2026-03-12T12:30:17","modified_gmt":"2026-03-12T16:30:17","slug":"home","status":"publish","type":"page","link":"https:\/\/fightclubvaudreuil.com\/en\/","title":{"rendered":"Home"},"content":{"rendered":"<section class=\"homeslider-container\">\n<div class=\"live-shortcode\"><div id=\"metaslider-id-46\" style=\"width: 100%;\" class=\"ml-slider-3-108-0 metaslider metaslider-flex metaslider-46 ml-slider has-dots-nav ms-theme-default\" role=\"region\" aria-label=\"Home slider\" data-height=\"1080\" data-width=\"1920\">\n    <div id=\"metaslider_container_46\">\n        <div id=\"metaslider_46\">\n            <ul class='slides'>\n                <li style=\"display: block; width: 100%;\" class=\"slide-148 ms-image \" aria-roledescription=\"slide\" data-date=\"2023-01-04 14:47:31\" data-filename=\"slide1-1.jpg\" data-slide-type=\"image\"><img loading=\"lazy\" decoding=\"async\" src=\"https:\/\/fightclubvaudreuil.com\/wp-content\/uploads\/2023\/01\/slide1-1.jpg\" height=\"1080\" width=\"1920\" alt=\"\" class=\"slider-46 slide-148 msDefaultImage\" title=\"slide1\" \/><\/li>\n                <li style=\"display: none; width: 100%;\" class=\"slide-149 ms-image \" aria-roledescription=\"slide\" data-date=\"2023-01-04 14:47:31\" data-filename=\"slide2-1.jpg\" data-slide-type=\"image\"><img loading=\"lazy\" decoding=\"async\" src=\"https:\/\/fightclubvaudreuil.com\/wp-content\/uploads\/2023\/01\/slide2-1.jpg\" height=\"1080\" width=\"1920\" alt=\"\" class=\"slider-46 slide-149 msDefaultImage\" title=\"slide2\" \/><\/li>\n                <li style=\"display: none; width: 100%;\" class=\"slide-150 ms-image \" aria-roledescription=\"slide\" data-date=\"2023-01-04 14:47:31\" data-filename=\"slide3-1.jpg\" data-slide-type=\"image\"><img loading=\"lazy\" decoding=\"async\" src=\"https:\/\/fightclubvaudreuil.com\/wp-content\/uploads\/2023\/01\/slide3-1.jpg\" height=\"1080\" width=\"1920\" alt=\"\" class=\"slider-46 slide-150 msDefaultImage\" title=\"slide3\" \/><\/li>\n            <\/ul>\n        <\/div>\n        \n    <\/div>\n<\/div><\/div>\n<div class=\"container\">\n<div class=\"row\">\n<div class=\"col-md-4 col-lg-3 col-xl-4 col-xxl-3\">\n<div class=\"lc-block d-none d-md-block\">\n\t\t\t\t\t<picture><source srcset=\"https:\/\/fightclubvaudreuil.com\/wp-content\/uploads\/2023\/01\/top-banner-logo.webp\" type=\"image\/webp\"><img loading=\"lazy\" decoding=\"async\" class=\"img-fluid wp-image-58\" src=\"https:\/\/fightclubvaudreuil.com\/wp-content\/uploads\/2023\/01\/top-banner-logo.png\" srcset=\"https:\/\/fightclubvaudreuil.com\/wp-content\/uploads\/2023\/01\/top-banner-logo.png 449w, https:\/\/fightclubvaudreuil.com\/wp-content\/uploads\/2023\/01\/top-banner-logo-300x223.png 300w, https:\/\/fightclubvaudreuil.com\/wp-content\/uploads\/2023\/01\/top-banner-logo-403x300.png 403w\" sizes=\"auto, (max-width: 449px) 100vw, 449px\" alt=\"\" width=\"449\" height=\"334\"><\/picture>\n\t\t\t\t<\/div>\n<p><!-- \/lc-block --><\/p>\n<div class=\"lc-block\">\n<div editable=\"rich\">\n<p>Book your <br \/>time slot<\/p>\n<\/p><\/div>\n<\/p><\/div>\n<p><!-- \/lc-block --><\/p>\n<div class=\"lc-block\">\n<div lc-helper=\"shortcode\" class=\"live-shortcode\"><a class=\"btn contact underline\" href=\"https:\/\/fightclubvaudreuil.com\/fr\/reserver\/\" aria-label=\"Book now\">Book now<\/a><\/div>\n<\/p><\/div>\n<p><!-- \/lc-block -->\n\t\t\t<\/div>\n<p><!-- \/col --><\/p>\n<div class=\"col-lg-9 col-xl-8 col-xxl-9 d-none\">\n<div class=\"lc-block\"><\/div>\n<p><!-- \/lc-block -->\n\t\t\t<\/div>\n<p><!-- \/col -->\n\t\t<\/div>\n<\/p><\/div>\n<\/section>\n<section class=\"schedulelinks-container\">\n<div class=\"container\">\n<div class=\"row no-gutters justify-content-center\">\n<div class=\"col-sm-6 col-lg-3 col-xxl-auto\">\n\t\t\t\t<a href=\"https:\/\/fightclubvaudreuil.com\/fr\/reserver\/\" class=\"service-link\"><\/p>\n<div class=\"lc-block\">\n\t\t\t\t\t\t<picture><source srcset=\"https:\/\/fightclubvaudreuil.com\/wp-content\/uploads\/2023\/01\/boxing-bg.webp\" type=\"image\/webp\"><img loading=\"lazy\" decoding=\"async\" class=\"img-fluid wp-image-69\" src=\"https:\/\/fightclubvaudreuil.com\/wp-content\/uploads\/2023\/01\/boxing-bg.jpg\" srcset=\"https:\/\/fightclubvaudreuil.com\/wp-content\/uploads\/2023\/01\/boxing-bg.jpg 384w, https:\/\/fightclubvaudreuil.com\/wp-content\/uploads\/2023\/01\/boxing-bg-173x300.jpg 173w\" sizes=\"auto, (max-width: 384px) 100vw, 384px\" alt=\"\" width=\"384\" height=\"665\"><\/picture>\n\t\t\t\t\t<\/div>\n<p><!-- \/lc-block --><\/p>\n<div class=\"link-content\">\n<div class=\"lc-block\">\n<div editable=\"rich\">\n<p>Boxing and <br \/>kickboxing classes<\/p>\n<\/p><\/div>\n<\/p><\/div>\n<p><!-- \/lc-block --><\/p>\n<div class=\"lc-block\"><span class=\"btn contact white-transparent\">Consult the schedule<\/span><\/div>\n<p><!-- \/lc-block -->\n\t\t\t\t\t<\/div>\n<p>\t\t\t\t<\/a>\n\t\t\t<\/div>\n<div class=\"col-sm-6 col-lg-3 col-xxl-auto\"><a href=\"https:\/\/fightclubvaudreuil.com\/en\/shop\/\" class=\"service-link\"><\/p>\n<div class=\"lc-block\">\n\t\t\t\t\t\t<picture><source srcset=\"https:\/\/fightclubvaudreuil.com\/wp-content\/uploads\/2023\/08\/gloves.webp\" type=\"image\/webp\"><img loading=\"lazy\" decoding=\"async\" class=\"img-fluid wp-image-79\" src=\"https:\/\/fightclubvaudreuil.com\/wp-content\/uploads\/2023\/08\/gloves.jpg\" srcset=\"https:\/\/fightclubvaudreuil.com\/wp-content\/uploads\/2023\/08\/gloves.jpg 385w, https:\/\/fightclubvaudreuil.com\/wp-content\/uploads\/2023\/08\/gloves-174x300.jpg 174w\" sizes=\"auto, (max-width: 385px) 100vw, 385px\" alt=\"\" width=\"385\" height=\"665\"><\/picture>\n<\/p><\/div>\n<p><!-- \/lc-block --><\/p>\n<div class=\"link-content\">\n<div class=\"lc-block\">\n<div editable=\"rich\">\n<p>Online&nbsp;<br \/>Shop<\/p>\n<\/p><\/div>\n<\/p><\/div>\n<p>\t\t\t\t\t\t<!-- \/lc-block --><\/p>\n<div class=\"lc-block\">\n\t\t\t\t\t\t\t<span class=\"btn contact white-transparent\">Discover<\/span>\n\t\t\t\t\t\t<\/div>\n<p><!-- \/lc-block --><\/p><\/div>\n<p>\t\t\t\t<\/a><\/div>\n<p>\t\t\t<!--\n\n<div class=\"col-sm-6 col-lg-3 col-xxl-auto\">\n\t\t\t<a href=\"[page_link page_id='188']\" class=\"service-link\">\n\t\t\t\t\n\n<div class=\"lc-block\">\n\t\t\t\t\t<picture><source srcset=\"https:\/\/fightclubvaudreuil.com\/wp-content\/uploads\/2023\/01\/smoothie-bg.webp\" type=\"image\/webp\"><img loading=\"lazy\" decoding=\"async\" class=\"img-fluid wp-image-73\" src=\"https:\/\/fightclubvaudreuil.com\/wp-content\/uploads\/2023\/01\/smoothie-bg.jpg\" srcset=\"https:\/\/fightclubvaudreuil.com\/wp-content\/uploads\/2023\/01\/smoothie-bg.jpg 385w, https:\/\/fightclubvaudreuil.com\/wp-content\/uploads\/2023\/01\/smoothie-bg-174x300.jpg 174w\" sizes=\"auto, (max-width: 385px) 100vw, 385px\" alt=\"\" width=\"385\" height=\"665\"><\/picture>\n\t\t\t\t<\/div>\n\n\n\t\t\t\t\n\n<div class=\"link-content\">\n\t\t\t\t\t\n\n<div class=\"lc-block\">\n\t\t\t\t\t\t\n\n<div editable=\"rich\">\n\t\t\t\t\t\t\t\n\n<p>Smoothie bar<\/p>\n\n\n\t\t\t\t\t\t<\/div>\n\n\n\t\t\t\t\t<\/div>\n\n\n\t\t\t\t\t\n\n<div class=\"lc-block\"><span class=\"btn contact white-transparent\">Discover<\/span><\/div>\n\n\n\t\t\t\t<\/div>\n\n\n\t\t\t<\/a>\n\t\t<\/div>\n\n--><\/p>\n<div class=\"col-sm-6 col-lg-3 col-xxl-auto\">\n\t\t\t\t<a href=\"\" class=\"service-link\"><\/p>\n<div class=\"lc-block\">\n\t\t\t\t\t\t<picture><source srcset=\"https:\/\/fightclubvaudreuil.com\/wp-content\/uploads\/2023\/01\/programme-bg-1.webp\" type=\"image\/webp\"><img loading=\"lazy\" decoding=\"async\" class=\"img-fluid wp-image-77\" src=\"https:\/\/fightclubvaudreuil.com\/wp-content\/uploads\/2023\/01\/programme-bg-1.jpg\" srcset=\"https:\/\/fightclubvaudreuil.com\/wp-content\/uploads\/2023\/01\/programme-bg-1.jpg 385w, https:\/\/fightclubvaudreuil.com\/wp-content\/uploads\/2023\/01\/programme-bg-1-174x300.jpg 174w\" sizes=\"auto, (max-width: 385px) 100vw, 385px\" alt=\"\" width=\"385\" height=\"665\"><\/picture>\n\t\t\t\t\t<\/div>\n<p><!-- \/lc-block --><\/p>\n<div class=\"link-content\">\n<div class=\"lc-block\">\n<div editable=\"rich\">\n<p>About our<br \/>programs<\/p>\n<\/p><\/div>\n<\/p><\/div>\n<p><!-- \/lc-block --><\/p>\n<div class=\"lc-block\">\n\t\t\t\t\t\t\t<span class=\"btn contact white-transparent\">Discover<\/span>\n\t\t\t\t\t\t<\/div>\n<p><!-- \/lc-block -->\n\t\t\t\t\t<\/div>\n<p>\t\t\t\t<\/a>\n\t\t\t<\/div>\n<p><!-- \/col -->\n\t\t<\/div>\n<\/p><\/div>\n<p><!-- \/col --><br \/>\n<\/section>\n<section class=\"content-container home\">\n<div class=\"container\">\n<div class=\"row align-items-center\">\n<div class=\"col-lg-6 order-last order-lg-first\">\n<div class=\"lc-block\">\n\t\t\t\t\t<picture><source srcset=\"https:\/\/fightclubvaudreuil.com\/wp-content\/uploads\/2023\/01\/propos-img.webp\" type=\"image\/webp\"><img loading=\"lazy\" decoding=\"async\" class=\"img-fluid wp-image-85\" src=\"https:\/\/fightclubvaudreuil.com\/wp-content\/uploads\/2023\/01\/propos-img.png\" srcset=\"https:\/\/fightclubvaudreuil.com\/wp-content\/uploads\/2023\/01\/propos-img.png 812w, https:\/\/fightclubvaudreuil.com\/wp-content\/uploads\/2023\/01\/propos-img-300x274.png 300w, https:\/\/fightclubvaudreuil.com\/wp-content\/uploads\/2023\/01\/propos-img-768x702.png 768w, https:\/\/fightclubvaudreuil.com\/wp-content\/uploads\/2023\/01\/propos-img-328x300.png 328w, https:\/\/fightclubvaudreuil.com\/wp-content\/uploads\/2023\/01\/propos-img-600x548.png 600w\" sizes=\"auto, (max-width: 812px) 100vw, 812px\" alt=\"\" width=\"812\" height=\"742\"><\/picture>\n\t\t\t\t<\/div>\n<p><!-- \/lc-block -->\n\t\t\t<\/div>\n<p><!-- \/col --><\/p>\n<div class=\"col-lg-6 order-first order-lg-last\">\n<div class=\"lc-block\">\n<div editable=\"rich\" class=\"pt-4 pt-xxl-0\">\n<h1>About <strong>fight club VAUDREUIL<\/strong><\/h1>\n<p>\t\t\t\t\t\t<!--\n\n<p>Le Fight Club 1947 est un gym amateur qui vous offre de l'\u00e9quipement de pro! Nous mettons \u00e0 la disposition de nos champions un ring de boxe de 24'x24' de format pro, et oui le seul gym de la r\u00e9gion de Vaudreuil-Dorion \u00e0 avoir cet \u00e9l\u00e9ment embl\u00e9matique! <\/p>\n\n\n\n\n<p>Notre octogone est sp\u00e9cialement con\u00e7u pour fournir aux combattants une ambiance authentique, tout en ayant l'allure vintage qui met en avant les prodigieux gants Leone North America. Notre gym est compos\u00e9e de 3 sections ; une section sp\u00e9cifiquement d\u00e9di\u00e9e \u00e0 la boxe, une au cardio et une derni\u00e8re d\u00e9di\u00e9e aux cours et traitements de soins. Notre gym b\u00e9n\u00e9ficie d'un bar \u00e0 smoothie, de shakes prot\u00e9in\u00e9s et bien plus!<\/p>\n\n--><\/p>\n<p>We are thrilled to introduce our boxing gym, a place where the pursuit of excellence goes far beyond the boundaries of the ring. Our primary goal is to enhance lifestyles, reinforce our community, and forge a formidable fight team for competition.<\/p>\n<p>At Fight Club Vaudreuil, boxing is more than just a sport; it is a transformative journey that empowers individuals to push their limits and discover the strength within. We believe that the discipline, determination, and camaraderie fostered within our walls can positively impact every aspect of life.<\/p>\n<p>Join us on this journey as we strive to uplift lives, foster a tight-knit community, and build a formidable fight team that brings glory to our gym and our town. Let&#8217;s rise, overcome challenges, and achieve greatness!<\/p>\n<\/p><\/div>\n<\/p><\/div>\n<p><!-- \/lc-block --><\/p>\n<div class=\"lc-block\">\n<div lc-helper=\"shortcode\" class=\"live-shortcode pb-4 pb-xxl-0\"><a class=\"btn contact\" href=\"https:\/\/fightclubvaudreuil.com\/fr\/a-propos\/\" aria-label=\"read more\">read more<\/a><\/div>\n<\/p><\/div>\n<p><!-- \/lc-block -->\n\t\t\t<\/div>\n<p><!-- \/col -->\n\t\t<\/div>\n<\/p><\/div>\n<\/section>\n<section class=\"hometemoignages-container\">\n<div class=\"container\">\n<div class=\"row\">\n<div class=\"col-lg-5\">\n<div class=\"lc-block h-100 home-temoignages\">\n<div lc-helper=\"shortcode\" class=\"live-shortcode w-100\"><h2>Testimonials<\/h2><div class=\"temoignages-list\"><div class=\"slides\"><div class=\"single-temoignage\"><p>\"&nbsp;I first tried boxing at gym fight club 1947 and that experience made me want to keep going! You immediately feel welcomed by the team and the coaches are excellent.&nbsp;\"<\/p><p class=\"single-temoignage-author\">- Laurence<\/p><\/div><div class=\"single-temoignage\"><p>\"&nbsp;I've been with James since January and he's really helped me improve in boxing I also have much more confidence because of James,he's a really funny guy,good with kids,nice to talk to,he's an overall very good person.Fight club is a great gym to be a part of because of the environment the kids you can work with make it fun and overall everyone is very fun to work with.The coaches and trainers at Fight club are very encouraging like James and much more they will help you build confidence.&nbsp;\"<\/p><p class=\"single-temoignage-author\">- Manny Urbano<\/p><\/div><\/div><\/div><\/div>\n<\/p><\/div>\n<p><!-- \/lc-block -->\n\t\t\t<\/div>\n<p><!-- \/col --><\/p>\n<div class=\"col-lg-7\">\n<div class=\"lc-block temoignages-img h-100\">\n\t\t\t\t\t<picture><source srcset=\"https:\/\/fightclubvaudreuil.com\/wp-content\/uploads\/2023\/01\/home-temoignages-img.webp\" type=\"image\/webp\"><img loading=\"lazy\" decoding=\"async\" class=\"img-fluid wp-image-91 h-100\" src=\"https:\/\/fightclubvaudreuil.com\/wp-content\/uploads\/2023\/01\/home-temoignages-img.jpg\" srcset=\"https:\/\/fightclubvaudreuil.com\/wp-content\/uploads\/2023\/01\/home-temoignages-img.jpg 1097w, https:\/\/fightclubvaudreuil.com\/wp-content\/uploads\/2023\/01\/home-temoignages-img-300x246.jpg 300w, https:\/\/fightclubvaudreuil.com\/wp-content\/uploads\/2023\/01\/home-temoignages-img-1024x838.jpg 1024w, https:\/\/fightclubvaudreuil.com\/wp-content\/uploads\/2023\/01\/home-temoignages-img-768x629.jpg 768w, https:\/\/fightclubvaudreuil.com\/wp-content\/uploads\/2023\/01\/home-temoignages-img-366x300.jpg 366w, https:\/\/fightclubvaudreuil.com\/wp-content\/uploads\/2023\/01\/home-temoignages-img-600x491.jpg 600w\" sizes=\"auto, (max-width: 1097px) 100vw, 1097px\" alt=\"\" width=\"1097\" height=\"898\"><\/picture>\n\t\t\t\t<\/div>\n<p><!-- \/lc-block -->\n\t\t\t<\/div>\n<p><!-- \/col -->\n\t\t<\/div>\n<\/p><\/div>\n<\/section>\n<section class=\"homecta-container\">\n<div class=\"container\">\n<div class=\"row\">\n<div class=\"col-lg-4 col-xxl-5\">\n<div class=\"lc-block\"><\/div>\n<p><!-- \/lc-block -->\n\t\t\t<\/div>\n<p><!-- \/col --><\/p>\n<div class=\"col-lg-8 col-xxl-7 text-center\">\n<div class=\"lc-block\">\n<div editable=\"rich\">\n<h2>NEED A COACH <br \/>OR A GYM<\/h2>\n<\/p><\/div>\n<\/p><\/div>\n<p><!-- \/lc-block --><\/p>\n<div class=\"lc-block\">\n<div lc-helper=\"shortcode\" class=\"live-shortcode\"><a class=\"btn contact white-transparent\" href=\"https:\/\/fightclubvaudreuil.com\/fr\/reserver\/\" aria-label=\"Book your time slot\">Book your time slot<\/a><\/div>\n<\/p><\/div>\n<p><!-- \/lc-block -->\n\t\t\t<\/div>\n<p><!-- \/col -->\n\t\t<\/div>\n<\/p><\/div>\n<\/section>\n<section>\n<div lc-helper=\"shortcode\" class=\"live-shortcode\"><div class=\"partners-container\"><div class=\"container\"><div class=\"row justify-content-center justify-content-lg-between align-items-center\"><div class=\"col-12\"><h2>Our partners<\/h2><\/div><div class=\"col-auto col-lg col-xxl-auto landmark-athletics\"><div class=\"single-partner\"><img decoding=\"async\" src=\"https:\/\/fightclubvaudreuil.com\/wp-content\/uploads\/2023\/01\/landmark-athletics.jpg\" alt=\"Landmark Athletics\"\/><\/div><\/div><div class=\"col-auto col-lg col-xxl-auto broombox\"><div class=\"single-partner\"><img decoding=\"async\" src=\"https:\/\/fightclubvaudreuil.com\/wp-content\/uploads\/2023\/01\/broombox.jpg\" alt=\"BroomBox\"\/><\/div><\/div><div class=\"col-auto col-lg col-xxl-auto cabinet-juridique\"><div class=\"single-partner\"><img decoding=\"async\" src=\"https:\/\/fightclubvaudreuil.com\/wp-content\/uploads\/2023\/08\/logo-Recovered.jpg\" alt=\"Cabinet Juridique\"\/><\/div><\/div><div class=\"col-auto col-lg col-xxl-auto leone-1947\"><div class=\"single-partner\"><img decoding=\"async\" src=\"https:\/\/fightclubvaudreuil.com\/wp-content\/uploads\/2023\/01\/leone-1947.jpg\" alt=\"Leone 1947\"\/><\/div><\/div><div class=\"col-auto col-lg col-xxl-auto am\"><div class=\"single-partner\"><img decoding=\"async\" src=\"https:\/\/fightclubvaudreuil.com\/wp-content\/uploads\/2023\/01\/am.jpg\" alt=\"AM\"\/><\/div><\/div><div class=\"col-auto col-lg col-xxl-auto renegade-performance\"><div class=\"single-partner\"><img decoding=\"async\" src=\"https:\/\/fightclubvaudreuil.com\/wp-content\/uploads\/2023\/01\/renegade-performance.jpg\" alt=\"Renegade Performance\"\/><\/div><\/div><div class=\"col-auto col-lg col-xxl-auto mind-engineering\"><div class=\"single-partner\"><img decoding=\"async\" src=\"https:\/\/fightclubvaudreuil.com\/wp-content\/uploads\/2023\/01\/mindengineering.jpg\" alt=\"Mind Engineering\"\/><\/div><\/div><\/div><\/div><\/div><\/div>\n<\/section>\n","protected":false},"excerpt":{"rendered":"<p>Book your time slot Boxing and kickboxing classes Consult the schedule Online&nbsp;Shop Discover About ourprograms Discover About fight club VAUDREUIL We are thrilled to introduce our boxing gym, a place where the pursuit of excellence goes far beyond the boundaries of the ring. Our primary goal is to enhance lifestyles, reinforce our community, and forge [&hellip;]<\/p>\n","protected":false},"author":1,"featured_media":0,"parent":0,"menu_order":35,"comment_status":"closed","ping_status":"open","template":"","meta":{"_acf_changed":false,"footnotes":""},"class_list":["post-424","page","type-page","status-publish","hentry"],"acf":[],"_links":{"self":[{"href":"https:\/\/fightclubvaudreuil.com\/en\/wp-json\/wp\/v2\/pages\/424","targetHints":{"allow":["GET"]}}],"collection":[{"href":"https:\/\/fightclubvaudreuil.com\/en\/wp-json\/wp\/v2\/pages"}],"about":[{"href":"https:\/\/fightclubvaudreuil.com\/en\/wp-json\/wp\/v2\/types\/page"}],"author":[{"embeddable":true,"href":"https:\/\/fightclubvaudreuil.com\/en\/wp-json\/wp\/v2\/users\/1"}],"replies":[{"embeddable":true,"href":"https:\/\/fightclubvaudreuil.com\/en\/wp-json\/wp\/v2\/comments?post=424"}],"version-history":[{"count":16,"href":"https:\/\/fightclubvaudreuil.com\/en\/wp-json\/wp\/v2\/pages\/424\/revisions"}],"predecessor-version":[{"id":2387,"href":"https:\/\/fightclubvaudreuil.com\/en\/wp-json\/wp\/v2\/pages\/424\/revisions\/2387"}],"wp:attachment":[{"href":"https:\/\/fightclubvaudreuil.com\/en\/wp-json\/wp\/v2\/media?parent=424"}],"curies":[{"name":"wp","href":"https:\/\/api.w.org\/{rel}","templated":true}]}}