{"id":174,"date":"2023-01-05T11:17:43","date_gmt":"2023-01-05T16:17:43","guid":{"rendered":"https:\/\/fightclubvaudreuil.com\/?page_id=174"},"modified":"2023-07-27T13:53:01","modified_gmt":"2023-07-27T17:53:01","slug":"notre-mission-et-nos-valeurs","status":"publish","type":"page","link":"https:\/\/fightclubvaudreuil.com\/fr\/a-propos\/notre-mission-et-nos-valeurs\/","title":{"rendered":"Notre mission et nos valeurs"},"content":{"rendered":"<section class=\"content-container\">\n<div class=\"container\">\n<div class=\"row\">\n<div class=\"col-md-12\">\n<div lc-helper=\"shortcode\" class=\"live-shortcode\"><div class=\"mobile-sub-nav d-block d-lg-none pb-4\"><button class=\"mobile-nav-btn d-flex align-items-center justify-content-center collapsed\" type=\"button\" data-toggle=\"collapse\" data-target=\"#SubNav\" aria-expanded=\"false\" aria-controls=\"SubNav\">\u00c0 propos<img decoding=\"async\" src=\"https:\/\/fightclubvaudreuil.com\/wp-content\/uploads\/2023\/01\/right-sidebar-down-arrow.png\" alt=\"arrow-down\" class=\"ml-2\"><\/button><div id=\"SubNav\"><div class=\"card card-body right-sidebar\"><ul class=\"\"><li class=\"page_item page-item-174\"><a href=\"https:\/\/fightclubvaudreuil.com\/fr\/a-propos\/notre-mission-et-nos-valeurs\/\">Notre mission et nos valeurs<\/a><\/li>\n<li class=\"page_item page-item-186\"><a href=\"https:\/\/fightclubvaudreuil.com\/fr\/a-propos\/niveau-1\/\">Niveau 1<\/a><\/li>\n<li class=\"page_item page-item-184\"><a href=\"https:\/\/fightclubvaudreuil.com\/fr\/a-propos\/niveau-2\/\">Niveau 2<\/a><\/li>\n<li class=\"page_item page-item-182\"><a href=\"https:\/\/fightclubvaudreuil.com\/fr\/a-propos\/niveau-3\/\">Niveau 3<\/a><\/li>\n<li class=\"page_item page-item-180\"><a href=\"https:\/\/fightclubvaudreuil.com\/fr\/a-propos\/niveau-4-elite\/\">Niveau 4 \u00c9LITE<\/a><\/li>\n<li class=\"page_item page-item-346\"><a href=\"https:\/\/fightclubvaudreuil.com\/fr\/a-propos\/niveau-5-elite-competitif\/\">Niveau 5 \u00c9LITE COMP\u00c9TITIF<\/a><\/li>\n<li class=\"page_item page-item-176\"><a href=\"https:\/\/fightclubvaudreuil.com\/fr\/a-propos\/notre-equipe\/\">Notre \u00e9quipe<\/a><\/li>\n<li class=\"page_item page-item-188\"><a href=\"https:\/\/fightclubvaudreuil.com\/fr\/a-propos\/bar-a-smoothie\/\">Bar \u00e0 smoothie<\/a><\/li>\n<\/ul><\/div><\/div><\/div><\/div>\n<\/p><\/div>\n<p><!-- \/col -->\n\t\t<\/div>\n<div class=\"row\">\n<div class=\"col-lg-8\">\n<div class=\"lc-block\">\n<div editable=\"rich\">\n<h2>Notre mission et nos valeurs<\/h2>\n<p>Notre \u00e9quipe d\u00e9vou\u00e9e d\u2019entra\u00eeneurs exp\u00e9riment\u00e9s s\u2019engage \u00e0 vous fournir un encadrement de premier ordre, adapt\u00e9 \u00e0 vos besoins et \u00e0 vos objectifs. Que vous soyez un d\u00e9butant, un passionn\u00e9 de l\u2019entra\u00eenement physique cherchant \u00e0 se d\u00e9passer ou un combattant chevronn\u00e9 visant le sommet de la comp\u00e9tition, nous disposons de l\u2019expertise n\u00e9cessaire pour vous guider \u00e0 chaque \u00e9tape de votre parcours.<\/p>\n<p>Au-del\u00e0 des bienfaits physiques, notre salle de sport est un lieu dynamique qui nourrit un sentiment d\u2019appartenance et un esprit de communaut\u00e9. Nous comprenons que le soutien et l\u2019encouragement de personnes partageant les m\u00eames id\u00e9es peuvent faire une diff\u00e9rence significative dans le parcours d\u2019une personne. Ensemble, nous nous effor\u00e7ons donc de cr\u00e9er un environnement inclusif o\u00f9 chacun se sent accueilli, valoris\u00e9 et inspir\u00e9.<\/p>\n<p>Notre vision va bien au-del\u00e0 des cordes du ring. Nous croyons qu\u2019il faut redonner \u00e0 la communaut\u00e9 qui nous a accueillis. Nous recherchons activement des occasions de participer \u00e0 des initiatives caritatives, \u00e0 des collectes de fonds et \u00e0 des programmes de sensibilisation, afin d\u2019avoir un impact positif sur la vie de ceux qui nous entourent.<\/p>\n<p>\t\t\t\t\t\t<!--\n\n<p>Le Fight Club 1947 est un gym amateur qui vous offre de l'\u00e9quipement de pro! Nous mettons \u00e0 la disposition de nos champions un ring de boxe de 24'x24' de format pro, et oui le seul gym de la r\u00e9gion de Vaudreuil-Dorion \u00e0 avoir cet \u00e9l\u00e9ment embl\u00e9matique! <\/p>\n\n\n\t\n\n<p>Notre octogone est sp\u00e9cialement con\u00e7u pour fournir aux combattants une ambiance authentique, tout en ayant l'allure vintage qui met en avant les prodigieux gants Leone North America. Notre gym est compos\u00e9e de 3 sections ; une section sp\u00e9cifiquement d\u00e9di\u00e9e \u00e0 la boxe, une au cardio et une derni\u00e8re d\u00e9di\u00e9e aux cours et traitements de soins. Notre gym b\u00e9n\u00e9ficie d'un bar \u00e0 smoothie, de shakes prot\u00e9in\u00e9s et bien plus!<\/p>\n\n--><\/p>\n<div lc-helper=\"shortcode\" class=\"live-shortcode\"><a class=\"btn contact\" href=\"https:\/\/fightclubvaudreuil.com\/fr\/contact\/\" aria-label=\"Contactez nous pour obtenir plus d&amp;rsquo;information\">Contactez nous pour obtenir plus d&rsquo;information<\/a><\/div>\n<\/p><\/div>\n<\/p><\/div>\n<p><!-- \/lc-block --><\/p>\n<div class=\"lc-block content-slider\">\n<div lc-helper=\"shortcode\" class=\"live-shortcode\"><div id=\"metaslider-id-161\" style=\"width: 100%;\" class=\"ml-slider-3-108-0 metaslider metaslider-flex metaslider-161 ml-slider has-carousel-mode ms-theme-default nav-hidden\" role=\"region\" aria-label=\"Propos slider\" data-height=\"500\" data-width=\"455\">\n    <div id=\"metaslider_container_161\">\n        <div id=\"metaslider_161\">\n            <ul class='slides'>\n                <li style=\"display: none; width: 100%;\" class=\"slide-523 ms-image \" aria-roledescription=\"slide\" data-date=\"2023-07-18 09:43:32\" data-filename=\"20230521_1242580-1-455x500.jpg\" data-slide-type=\"image\"><img loading=\"lazy\" decoding=\"async\" src=\"https:\/\/fightclubvaudreuil.com\/wp-content\/uploads\/2023\/07\/20230521_1242580-1-455x500.jpg\" height=\"500\" width=\"455\" alt=\"\" class=\"slider-161 slide-523 msDefaultImage\" title=\"20230521_124258(0)\" \/><\/li>\n                <li style=\"display: none; width: 100%;\" class=\"slide-524 ms-image \" aria-roledescription=\"slide\" data-date=\"2023-07-18 09:44:05\" data-filename=\"20230603_095516-1-455x500.jpg\" data-slide-type=\"image\"><img loading=\"lazy\" decoding=\"async\" src=\"https:\/\/fightclubvaudreuil.com\/wp-content\/uploads\/2023\/07\/20230603_095516-1-455x500.jpg\" height=\"500\" width=\"455\" alt=\"\" class=\"slider-161 slide-524 msDefaultImage\" title=\"20230603_095516\" \/><\/li>\n                <li style=\"display: none; width: 100%;\" class=\"slide-525 ms-image \" aria-roledescription=\"slide\" data-date=\"2023-07-18 09:44:12\" data-filename=\"20230603_201037-1-455x500.jpg\" data-slide-type=\"image\"><img loading=\"lazy\" decoding=\"async\" src=\"https:\/\/fightclubvaudreuil.com\/wp-content\/uploads\/2023\/07\/20230603_201037-1-455x500.jpg\" height=\"500\" width=\"455\" alt=\"\" class=\"slider-161 slide-525 msDefaultImage\" title=\"20230603_201037\" \/><\/li>\n                <li style=\"display: none; width: 100%;\" class=\"slide-526 ms-image \" aria-roledescription=\"slide\" data-date=\"2023-07-18 09:44:15\" data-filename=\"20230705_105440-1-455x500.jpg\" data-slide-type=\"image\"><img loading=\"lazy\" decoding=\"async\" src=\"https:\/\/fightclubvaudreuil.com\/wp-content\/uploads\/2023\/07\/20230705_105440-1-455x500.jpg\" height=\"500\" width=\"455\" alt=\"\" class=\"slider-161 slide-526 msDefaultImage\" title=\"20230705_105440\" \/><\/li>\n                <li style=\"display: none; width: 100%;\" class=\"slide-669 ms-image \" aria-roledescription=\"slide\" data-date=\"2023-07-28 09:45:24\" data-filename=\"received_1377892016126688-455x500.jpg\" data-slide-type=\"image\"><img loading=\"lazy\" decoding=\"async\" src=\"https:\/\/fightclubvaudreuil.com\/wp-content\/uploads\/2023\/07\/received_1377892016126688-455x500.jpg\" height=\"500\" width=\"455\" alt=\"\" class=\"slider-161 slide-669 msDefaultImage\" title=\"received_1377892016126688\" \/><\/li>\n                <li style=\"display: none; width: 100%;\" class=\"slide-670 ms-image \" aria-roledescription=\"slide\" data-date=\"2023-07-28 09:45:27\" data-filename=\"received_190773690645523-455x500.jpg\" data-slide-type=\"image\"><img loading=\"lazy\" decoding=\"async\" src=\"https:\/\/fightclubvaudreuil.com\/wp-content\/uploads\/2023\/07\/received_190773690645523-455x500.jpg\" height=\"500\" width=\"455\" alt=\"\" class=\"slider-161 slide-670 msDefaultImage\" title=\"received_190773690645523\" \/><\/li>\n                <li style=\"display: none; width: 100%;\" class=\"slide-671 ms-image \" aria-roledescription=\"slide\" data-date=\"2023-07-28 09:45:29\" data-filename=\"received_1928492084189774-455x500.jpg\" data-slide-type=\"image\"><img loading=\"lazy\" decoding=\"async\" src=\"https:\/\/fightclubvaudreuil.com\/wp-content\/uploads\/2023\/07\/received_1928492084189774-455x500.jpg\" height=\"500\" width=\"455\" alt=\"\" class=\"slider-161 slide-671 msDefaultImage\" title=\"received_1928492084189774\" \/><\/li>\n            <\/ul>\n        <\/div>\n        \n    <\/div>\n<\/div><\/div>\n<\/p><\/div>\n<p><!-- \/lc-block --><\/p>\n<div class=\"lc-block\">\n<div editable=\"rich\">\n<h3>Vous aspirez \u00e0 devenir un(e) combattant(e)?<\/h3>\n<p>Que ce soit pour \u00eatre un athl\u00e8te olympique, un boxeur pro ou tout simplement pour une mise en forme, nous avons les ressources pour aider \u00e0 accomplir votre objectif. <\/p>\n<p>De plus, nous avons acc\u00e8s \u00e0 une \u00e9quipe de psychologues sportifs, massoth\u00e9rapeutes, physioth\u00e9rapeutes, etc. Nous avons la meilleure \u00e9quipe pour vous offrir des cours de boxe et kickboxing, et l\u2019entra\u00eenement \u00e9lite, et ce ouvert \u00e0 tout le monde.]<\/p>\n<p>Nous offrons la chance \u00e0 tous de profiter de notre gym, tant pour nos membres amateurs que pour nos combattants professionnels, notre ring de boxe est l&rsquo;endroit pour r\u00e9aliser vos r\u00eaves!<\/p>\n<p><em>Pratiquez des uppercuts et des directs sur vos adversaires dans notre ring de boxe l\u00e9gendaire! Vous \u00eates curieux? Contactez-nous d\u00e8s maintenant! Plus une seconde \u00e0 perdre!<\/em><\/p>\n<\/p><\/div>\n<\/p><\/div>\n<p><!-- \/lc-block -->\n\t\t\t<\/div>\n<p><!-- \/col --><\/p>\n<div class=\"col-lg-4\">\n<div class=\"lc-block\">\n<div lc-helper=\"shortcode\" class=\"live-shortcode\"><div class=\"right-sidebar\"><ul class=\"d-none d-lg-block\"><li class=\"page_item page-item-174\"><a href=\"https:\/\/fightclubvaudreuil.com\/fr\/a-propos\/notre-mission-et-nos-valeurs\/\">Notre mission et nos valeurs<\/a><\/li>\n<li class=\"page_item page-item-186\"><a href=\"https:\/\/fightclubvaudreuil.com\/fr\/a-propos\/niveau-1\/\">Niveau 1<\/a><\/li>\n<li class=\"page_item page-item-184\"><a href=\"https:\/\/fightclubvaudreuil.com\/fr\/a-propos\/niveau-2\/\">Niveau 2<\/a><\/li>\n<li class=\"page_item page-item-182\"><a href=\"https:\/\/fightclubvaudreuil.com\/fr\/a-propos\/niveau-3\/\">Niveau 3<\/a><\/li>\n<li class=\"page_item page-item-180\"><a href=\"https:\/\/fightclubvaudreuil.com\/fr\/a-propos\/niveau-4-elite\/\">Niveau 4 \u00c9LITE<\/a><\/li>\n<li class=\"page_item page-item-346\"><a href=\"https:\/\/fightclubvaudreuil.com\/fr\/a-propos\/niveau-5-elite-competitif\/\">Niveau 5 \u00c9LITE COMP\u00c9TITIF<\/a><\/li>\n<li class=\"page_item page-item-176\"><a href=\"https:\/\/fightclubvaudreuil.com\/fr\/a-propos\/notre-equipe\/\">Notre \u00e9quipe<\/a><\/li>\n<li class=\"page_item page-item-188\"><a href=\"https:\/\/fightclubvaudreuil.com\/fr\/a-propos\/bar-a-smoothie\/\">Bar \u00e0 smoothie<\/a><\/li>\n<\/ul><a href=\"https:\/\/fightclubvaudreuil.com\/fr\/reserver\/\" class=\"reservation-btn\">R\u00e9servez <br>une plage <br>horaire <span>R\u00e9server<\/span><\/a><a href=\"https:\/\/fightclubvaudreuil.com\/fr\/contact\/\" class=\"contact-btn\">Vous ne trouvez <br>pas ce que vous <br>chercher? <span>Contactez-nous<\/span><\/a><\/div><\/div>\n<\/p><\/div>\n<p><!-- \/lc-block -->\n\t\t\t<\/div>\n<p><!-- \/col -->\n\t\t<\/div>\n<\/p><\/div>\n<\/section>\n<p><!--\n\n\n<section class=\"content-container grey\">\n\n\n<div class=\"container\">\n\t\n\n<div class=\"row\">\n\t\t\n\n<div class=\"col-lg\">\n\t\t\t\n\n<div class=\"lc-block content\">\n\t\t\t\t\n\n<div editable=\"rich\">\n\n\t\t\t\t\t\n\n<h2>Lorem ipsum<\/h2>\n\n\n\t\t\t\t\t\n\n<p>Lorem ipsum dolor sit amet, consectetur adipisicing elit, sed do eiusmod tempor incididunt ut labore et dolore magna aliqua. Ut enim ad minim veniam, quis nostrud exercitation ullamco laboris nisi ut aliquip ex ea commodo consequat. <\/p>\n\n\n\t\t\t\t<\/div>\n\n\n\t\t\t<\/div>\n\n--&gt;\n\t\t\t\n\n<div class=\"lc-block\">\n\t\t\t\t\n\n<div lc-helper=\"shortcode\" class=\"live-shortcode\">[add_btn page_id=\"1\" class=\"btn contact\"]Lire plus[\/add_btn]<\/div>\n\n\n\t\t\t<\/div>\n\n\n\t\t<\/div>\n\n\n\t\t\n\n<div class=\"col-lg-auto\">\n\t\t\t\n\n<div class=\"lc-block to-right-side\">\n\t\t\t\t<picture><source srcset=\"https:\/\/fightclubvaudreuil.com\/wp-content\/uploads\/2023\/01\/propos-video-img.webp\" type=\"image\/webp\"><picture><source srcset=\"https:\/\/fightclubvaudreuil.com\/wp-content\/uploads\/2023\/01\/propos-video-img.webp\" type=\"image\/webp\"><picture><source srcset=\"https:\/\/fightclubvaudreuil.com\/wp-content\/uploads\/2023\/01\/propos-video-img.webp\" type=\"image\/webp\"><img loading=\"lazy\" decoding=\"async\" class=\"img-fluid wp-image-216\" src=\"https:\/\/fightclubvaudreuil.com\/wp-content\/uploads\/2023\/01\/propos-video-img.jpg\" srcset=\"https:\/\/fightclubvaudreuil.com\/wp-content\/uploads\/2023\/01\/propos-video-img.jpg 1200w, https:\/\/fightclubvaudreuil.com\/wp-content\/uploads\/2023\/01\/propos-video-img-300x183.jpg 300w, https:\/\/fightclubvaudreuil.com\/wp-content\/uploads\/2023\/01\/propos-video-img-1024x623.jpg 1024w, https:\/\/fightclubvaudreuil.com\/wp-content\/uploads\/2023\/01\/propos-video-img-768x467.jpg 768w, https:\/\/fightclubvaudreuil.com\/wp-content\/uploads\/2023\/01\/propos-video-img-493x300.jpg 493w, https:\/\/fightclubvaudreuil.com\/wp-content\/uploads\/2023\/01\/propos-video-img-600x365.jpg 600w\" sizes=\"auto, (max-width: 1200px) 100vw, 1200px\" alt=\"\" width=\"1200\" height=\"730\"><\/picture><\/picture><\/picture><\/picture>\n\t\t\t<\/div>\n\n\n\t\t<\/div>\n\n\n\t<\/div>\n\n\n<\/div>\n\n\n\n<\/section>\n\n\n--><\/p>\n","protected":false},"excerpt":{"rendered":"<p>Notre mission et nos valeurs Notre \u00e9quipe d\u00e9vou\u00e9e d\u2019entra\u00eeneurs exp\u00e9riment\u00e9s s\u2019engage \u00e0 vous fournir un encadrement de premier ordre, adapt\u00e9 \u00e0 vos besoins et \u00e0 vos objectifs. Que vous soyez un d\u00e9butant, un passionn\u00e9 de l\u2019entra\u00eenement physique cherchant \u00e0 se d\u00e9passer ou un combattant chevronn\u00e9 visant le sommet de la comp\u00e9tition, nous disposons de l\u2019expertise [&hellip;]<\/p>\n","protected":false},"author":1,"featured_media":0,"parent":25,"menu_order":5,"comment_status":"closed","ping_status":"closed","template":"page-templates\/empty.php","meta":{"_acf_changed":false,"footnotes":""},"class_list":["post-174","page","type-page","status-publish","hentry"],"acf":[],"_links":{"self":[{"href":"https:\/\/fightclubvaudreuil.com\/fr\/wp-json\/wp\/v2\/pages\/174","targetHints":{"allow":["GET"]}}],"collection":[{"href":"https:\/\/fightclubvaudreuil.com\/fr\/wp-json\/wp\/v2\/pages"}],"about":[{"href":"https:\/\/fightclubvaudreuil.com\/fr\/wp-json\/wp\/v2\/types\/page"}],"author":[{"embeddable":true,"href":"https:\/\/fightclubvaudreuil.com\/fr\/wp-json\/wp\/v2\/users\/1"}],"replies":[{"embeddable":true,"href":"https:\/\/fightclubvaudreuil.com\/fr\/wp-json\/wp\/v2\/comments?post=174"}],"version-history":[{"count":26,"href":"https:\/\/fightclubvaudreuil.com\/fr\/wp-json\/wp\/v2\/pages\/174\/revisions"}],"predecessor-version":[{"id":657,"href":"https:\/\/fightclubvaudreuil.com\/fr\/wp-json\/wp\/v2\/pages\/174\/revisions\/657"}],"up":[{"embeddable":true,"href":"https:\/\/fightclubvaudreuil.com\/fr\/wp-json\/wp\/v2\/pages\/25"}],"wp:attachment":[{"href":"https:\/\/fightclubvaudreuil.com\/fr\/wp-json\/wp\/v2\/media?parent=174"}],"curies":[{"name":"wp","href":"https:\/\/api.w.org\/{rel}","templated":true}]}}