{"id":1910,"date":"2025-08-13T16:26:11","date_gmt":"2025-08-13T20:26:11","guid":{"rendered":"https:\/\/fightclubvaudreuil.com\/?page_id=1910"},"modified":"2025-08-13T16:32:03","modified_gmt":"2025-08-13T20:32:03","slug":"decharge-de-responsabilite","status":"publish","type":"page","link":"https:\/\/fightclubvaudreuil.com\/fr\/decharge-de-responsabilite\/","title":{"rendered":"D\u00e9charge de responsabilit\u00e9"},"content":{"rendered":"<section class=\"content-container\">\n<div class=\"container\">\n<div class=\"row\">\n<div class=\"col-lg-12\">\n<div class=\"lc-block\">\n<div editable=\"rich\">\n<h2>D\u00c9CHARGE DE RESPONSABILIT\u00c9 ET ACCEPTATION DE RISQUES \u2013 GYM DE BOXE<\/h2>\n<p>\t\t\t\t\t\t<em>(Veuillez lire attentivement)<\/em><\/p>\n<h3>D\u00e9charge de responsabilit\u00e9<br \/>\n\t\t\t\t\t\t<\/h3>\n<p>Je reconnais et comprends que la participation \u00e0 la boxe et aux activit\u00e9s physiques connexes au sein de Fight Club 1947 comporte des risques inh\u00e9rents, incluant, sans s\u2019y limiter, des blessures physiques, des maladies, voire dans de rares cas, la mort.<\/p>\n<p>\t\t\t\t\t\t\tJ\u2019accepte volontairement l\u2019enti\u00e8re responsabilit\u00e9 pour toute blessure ou tout dommage pouvant survenir lors de ma participation \u00e0 l\u2019entra\u00eenement, aux s\u00e9ances de sparring, aux cours de conditionnement physique ou \u00e0 l\u2019utilisation des installations et de l\u2019\u00e9quipement du gym.<\/p>\n<p>\t\t\t\t\t\t\tJe lib\u00e8re, d\u00e9charge et tiens quitte Fight Club 1947, ses propri\u00e9taires, entra\u00eeneurs, employ\u00e9s, b\u00e9n\u00e9voles et affili\u00e9s de toute responsabilit\u00e9, r\u00e9clamation, demande ou cause d\u2019action d\u00e9coulant de ma participation.<\/p>\n<p>\t\t\t\t\t\t\tJe certifie \u00eatre en bonne sant\u00e9 et physiquement apte \u00e0 participer \u00e0 des activit\u00e9s de boxe et de mise en forme. Je comprends qu\u2019il est de ma responsabilit\u00e9 de consulter un m\u00e9decin avant de d\u00e9buter tout programme d&rsquo;exercice physique.<\/p>\n<p>\t\t\t\t\t\t\tJe m\u2019engage \u00e0 respecter toutes les r\u00e8gles de la gym ainsi que les consignes fournies par le personnel. Le non-respect de celles-ci peut entra\u00eener la suspension ou l\u2019annulation de mon abonnement.\n\t\t\t\t\t\t<\/p>\n<h3>POUR LES MINEURS (moins de 18 ans)<\/h3>\n<p>\u00c0 confirmer par un parent ou tuteur l\u00e9gal.<\/p>\n<p>\t\t\t\t\t\t\tEn tant que parent\/tuteur l\u00e9gal du mineur mentionn\u00e9 ci-dessous, j\u2019autorise mon enfant \u00e0 participer \u00e0 toutes les activit\u00e9s li\u00e9es \u00e0 la boxe et au gym au sein de Fight Club 1947. Je comprends les risques encourus et j\u2019accepte l\u2019enti\u00e8re responsabilit\u00e9 pour toute blessure ou tout incident pouvant survenir.<\/p>\n<p>\t\t\t\t\t\t\tJe d\u00e9gage par la pr\u00e9sente <strong>Fight Club 1947<\/strong> et son personnel de toute responsabilit\u00e9 ou r\u00e9clamation li\u00e9e \u00e0 la participation de mon enfant.<\/p>\n<\/p><\/div>\n<\/p><\/div>\n<p><!-- \/lc-block --><\/p><\/div>\n<p><!-- \/col -->\n\t\t<\/div>\n<\/p><\/div>\n<\/section>\n<p><!--\n\n\n<section class=\"content-container grey\">\n\n\n<div class=\"container\">\n\t\n\n<div class=\"row\">\n\t\t\n\n<div class=\"col-lg\">\n\t\t\t\n\n<div class=\"lc-block content\">\n\t\t\t\t\n\n<div editable=\"rich\">\n\n\t\t\t\t\t\n\n<h2>Lorem ipsum<\/h2>\n\n\n\t\t\t\t\t\n\n<p>Lorem ipsum dolor sit amet, consectetur adipisicing elit, sed do eiusmod tempor incididunt ut labore et dolore magna aliqua. Ut enim ad minim veniam, quis nostrud exercitation ullamco laboris nisi ut aliquip ex ea commodo consequat. <\/p>\n\n\n\t\t\t\t<\/div>\n\n\n\t\t\t<\/div>\n\n--&gt;\n\t\t\t\n\n<div class=\"lc-block\">\n\t\t\t\t\n\n<div lc-helper=\"shortcode\" class=\"live-shortcode\">[add_btn page_id=\"1\" class=\"btn contact\"]Lire plus[\/add_btn]<\/div>\n\n\n\t\t\t<\/div>\n\n\n\t\t<\/div>\n\n\n\t\t\n\n<div class=\"col-lg-auto\">\n\t\t\t\n\n<div class=\"lc-block to-right-side\">\n\t\t\t\t<picture><source srcset=\"https:\/\/fightclubvaudreuil.com\/wp-content\/uploads\/2023\/01\/propos-video-img.webp\" type=\"image\/webp\"><img loading=\"lazy\" decoding=\"async\" class=\"img-fluid wp-image-216\" src=\"https:\/\/fightclubvaudreuil.com\/wp-content\/uploads\/2023\/01\/propos-video-img.jpg\" srcset=\"https:\/\/fightclubvaudreuil.com\/wp-content\/uploads\/2023\/01\/propos-video-img.jpg 1200w, https:\/\/fightclubvaudreuil.com\/wp-content\/uploads\/2023\/01\/propos-video-img-300x183.jpg 300w, https:\/\/fightclubvaudreuil.com\/wp-content\/uploads\/2023\/01\/propos-video-img-1024x623.jpg 1024w, https:\/\/fightclubvaudreuil.com\/wp-content\/uploads\/2023\/01\/propos-video-img-768x467.jpg 768w, https:\/\/fightclubvaudreuil.com\/wp-content\/uploads\/2023\/01\/propos-video-img-493x300.jpg 493w, https:\/\/fightclubvaudreuil.com\/wp-content\/uploads\/2023\/01\/propos-video-img-600x365.jpg 600w\" sizes=\"auto, (max-width: 1200px) 100vw, 1200px\" alt=\"\" width=\"1200\" height=\"730\"><\/picture><\/picture><\/picture><\/picture>\n\t\t\t<\/div>\n\n\n\t\t<\/div>\n\n\n\t<\/div>\n\n\n<\/div>\n\n\n\n<\/section>\n\n\n--><\/p>\n","protected":false},"excerpt":{"rendered":"<p>D\u00c9CHARGE DE RESPONSABILIT\u00c9 ET ACCEPTATION DE RISQUES \u2013 GYM DE BOXE (Veuillez lire attentivement) D\u00e9charge de responsabilit\u00e9 Je reconnais et comprends que la participation \u00e0 la boxe et aux activit\u00e9s physiques connexes au sein de Fight Club 1947 comporte des risques inh\u00e9rents, incluant, sans s\u2019y limiter, des blessures physiques, des maladies, voire dans de rares [&hellip;]<\/p>\n","protected":false},"author":1,"featured_media":0,"parent":0,"menu_order":0,"comment_status":"closed","ping_status":"closed","template":"","meta":{"_acf_changed":false,"footnotes":""},"class_list":["post-1910","page","type-page","status-publish","hentry"],"acf":[],"_links":{"self":[{"href":"https:\/\/fightclubvaudreuil.com\/fr\/wp-json\/wp\/v2\/pages\/1910","targetHints":{"allow":["GET"]}}],"collection":[{"href":"https:\/\/fightclubvaudreuil.com\/fr\/wp-json\/wp\/v2\/pages"}],"about":[{"href":"https:\/\/fightclubvaudreuil.com\/fr\/wp-json\/wp\/v2\/types\/page"}],"author":[{"embeddable":true,"href":"https:\/\/fightclubvaudreuil.com\/fr\/wp-json\/wp\/v2\/users\/1"}],"replies":[{"embeddable":true,"href":"https:\/\/fightclubvaudreuil.com\/fr\/wp-json\/wp\/v2\/comments?post=1910"}],"version-history":[{"count":2,"href":"https:\/\/fightclubvaudreuil.com\/fr\/wp-json\/wp\/v2\/pages\/1910\/revisions"}],"predecessor-version":[{"id":1912,"href":"https:\/\/fightclubvaudreuil.com\/fr\/wp-json\/wp\/v2\/pages\/1910\/revisions\/1912"}],"wp:attachment":[{"href":"https:\/\/fightclubvaudreuil.com\/fr\/wp-json\/wp\/v2\/media?parent=1910"}],"curies":[{"name":"wp","href":"https:\/\/api.w.org\/{rel}","templated":true}]}}