{"id":346,"date":"2023-02-15T12:58:03","date_gmt":"2023-02-15T17:58:03","guid":{"rendered":"https:\/\/fightclubvaudreuil.com\/?page_id=346"},"modified":"2023-07-27T14:02:46","modified_gmt":"2023-07-27T18:02:46","slug":"niveau-5-elite-competitif","status":"publish","type":"page","link":"https:\/\/fightclubvaudreuil.com\/fr\/a-propos\/niveau-5-elite-competitif\/","title":{"rendered":"Niveau 5 \u00c9LITE COMP\u00c9TITIF"},"content":{"rendered":"<section class=\"content-container\">\n<div class=\"container\">\n<div class=\"row\">\n<div class=\"col-md-12\">\n<div lc-helper=\"shortcode\" class=\"live-shortcode\"><div class=\"mobile-sub-nav d-block d-lg-none pb-4\"><button class=\"mobile-nav-btn d-flex align-items-center justify-content-center collapsed\" type=\"button\" data-toggle=\"collapse\" data-target=\"#SubNav\" aria-expanded=\"false\" aria-controls=\"SubNav\">\u00c0 propos<img decoding=\"async\" src=\"https:\/\/fightclubvaudreuil.com\/wp-content\/uploads\/2023\/01\/right-sidebar-down-arrow.png\" alt=\"arrow-down\" class=\"ml-2\"><\/button><div id=\"SubNav\"><div class=\"card card-body right-sidebar\"><ul class=\"\"><li class=\"page_item page-item-174\"><a href=\"https:\/\/fightclubvaudreuil.com\/fr\/a-propos\/notre-mission-et-nos-valeurs\/\">Notre mission et nos valeurs<\/a><\/li>\n<li class=\"page_item page-item-186\"><a href=\"https:\/\/fightclubvaudreuil.com\/fr\/a-propos\/niveau-1\/\">Niveau 1<\/a><\/li>\n<li class=\"page_item page-item-184\"><a href=\"https:\/\/fightclubvaudreuil.com\/fr\/a-propos\/niveau-2\/\">Niveau 2<\/a><\/li>\n<li class=\"page_item page-item-182\"><a href=\"https:\/\/fightclubvaudreuil.com\/fr\/a-propos\/niveau-3\/\">Niveau 3<\/a><\/li>\n<li class=\"page_item page-item-180\"><a href=\"https:\/\/fightclubvaudreuil.com\/fr\/a-propos\/niveau-4-elite\/\">Niveau 4 \u00c9LITE<\/a><\/li>\n<li class=\"page_item page-item-346\"><a href=\"https:\/\/fightclubvaudreuil.com\/fr\/a-propos\/niveau-5-elite-competitif\/\">Niveau 5 \u00c9LITE COMP\u00c9TITIF<\/a><\/li>\n<li class=\"page_item page-item-176\"><a href=\"https:\/\/fightclubvaudreuil.com\/fr\/a-propos\/notre-equipe\/\">Notre \u00e9quipe<\/a><\/li>\n<li class=\"page_item page-item-188\"><a href=\"https:\/\/fightclubvaudreuil.com\/fr\/a-propos\/bar-a-smoothie\/\">Bar \u00e0 smoothie<\/a><\/li>\n<\/ul><\/div><\/div><\/div><\/div>\n<\/p><\/div>\n<p><!-- \/col -->\n\t\t<\/div>\n<div class=\"row\">\n<div class=\"col-lg-8\">\n<div class=\"lc-block\">\n<div editable=\"rich\">\n<h2>Niveau 5 &#8211; \u00c9LITE COMP\u00c9TITIF<\/h2>\n<p>Ce niveau s&rsquo;adresse uniquement \u00e0 ceux qui s\u2019engage \u00e0 vouloir comp\u00e9titionner pour l\u2019Acad\u00e9mie Fight Club 1947.<\/p>\n<p>\u00c0 ce niveau, les membres retrouveront tous les \u00e9l\u00e9ments du niveau 4 mais en plus auront acc\u00e8s \u00e0 une pr\u00e9paration personnalis\u00e9e aupr\u00e8s de nos partenaires afin d\u2019obtenir une pr\u00e9paration optimale pour leur combat \u00e0 venir. <\/p>\n<div lc-helper=\"shortcode\" class=\"live-shortcode\"><a class=\"btn contact\" href=\"https:\/\/fightclubvaudreuil.com\/fr\/contact\/\" aria-label=\"Contactez nous pour obtenir plus d&amp;rsquo;information\">Contactez nous pour obtenir plus d&rsquo;information<\/a><\/div>\n<\/p><\/div>\n<\/p><\/div>\n<p><!-- \/lc-block -->\n\t\t\t<\/div>\n<p><!-- \/col --><\/p>\n<div class=\"col-lg-4\">\n<div class=\"lc-block\">\n<div lc-helper=\"shortcode\" class=\"live-shortcode\"><div class=\"right-sidebar\"><ul class=\"d-none d-lg-block\"><li class=\"page_item page-item-174\"><a href=\"https:\/\/fightclubvaudreuil.com\/fr\/a-propos\/notre-mission-et-nos-valeurs\/\">Notre mission et nos valeurs<\/a><\/li>\n<li class=\"page_item page-item-186\"><a href=\"https:\/\/fightclubvaudreuil.com\/fr\/a-propos\/niveau-1\/\">Niveau 1<\/a><\/li>\n<li class=\"page_item page-item-184\"><a href=\"https:\/\/fightclubvaudreuil.com\/fr\/a-propos\/niveau-2\/\">Niveau 2<\/a><\/li>\n<li class=\"page_item page-item-182\"><a href=\"https:\/\/fightclubvaudreuil.com\/fr\/a-propos\/niveau-3\/\">Niveau 3<\/a><\/li>\n<li class=\"page_item page-item-180\"><a href=\"https:\/\/fightclubvaudreuil.com\/fr\/a-propos\/niveau-4-elite\/\">Niveau 4 \u00c9LITE<\/a><\/li>\n<li class=\"page_item page-item-346\"><a href=\"https:\/\/fightclubvaudreuil.com\/fr\/a-propos\/niveau-5-elite-competitif\/\">Niveau 5 \u00c9LITE COMP\u00c9TITIF<\/a><\/li>\n<li class=\"page_item page-item-176\"><a href=\"https:\/\/fightclubvaudreuil.com\/fr\/a-propos\/notre-equipe\/\">Notre \u00e9quipe<\/a><\/li>\n<li class=\"page_item page-item-188\"><a href=\"https:\/\/fightclubvaudreuil.com\/fr\/a-propos\/bar-a-smoothie\/\">Bar \u00e0 smoothie<\/a><\/li>\n<\/ul><a href=\"https:\/\/fightclubvaudreuil.com\/fr\/reserver\/\" class=\"reservation-btn\">R\u00e9servez <br>une plage <br>horaire <span>R\u00e9server<\/span><\/a><a href=\"https:\/\/fightclubvaudreuil.com\/fr\/contact\/\" class=\"contact-btn\">Vous ne trouvez <br>pas ce que vous <br>chercher? <span>Contactez-nous<\/span><\/a><\/div><\/div>\n<\/p><\/div>\n<p><!-- \/lc-block -->\n\t\t\t<\/div>\n<p><!-- \/col -->\n\t\t<\/div>\n<\/p><\/div>\n<\/section>\n","protected":false},"excerpt":{"rendered":"<p>Niveau 5 &#8211; \u00c9LITE COMP\u00c9TITIF Ce niveau s&rsquo;adresse uniquement \u00e0 ceux qui s\u2019engage \u00e0 vouloir comp\u00e9titionner pour l\u2019Acad\u00e9mie Fight Club 1947. \u00c0 ce niveau, les membres retrouveront tous les \u00e9l\u00e9ments du niveau 4 mais en plus auront acc\u00e8s \u00e0 une pr\u00e9paration personnalis\u00e9e aupr\u00e8s de nos partenaires afin d\u2019obtenir une pr\u00e9paration optimale pour leur combat \u00e0 [&hellip;]<\/p>\n","protected":false},"author":1,"featured_media":0,"parent":25,"menu_order":20,"comment_status":"closed","ping_status":"closed","template":"","meta":{"_acf_changed":false,"footnotes":""},"class_list":["post-346","page","type-page","status-publish","hentry"],"acf":[],"_links":{"self":[{"href":"https:\/\/fightclubvaudreuil.com\/fr\/wp-json\/wp\/v2\/pages\/346","targetHints":{"allow":["GET"]}}],"collection":[{"href":"https:\/\/fightclubvaudreuil.com\/fr\/wp-json\/wp\/v2\/pages"}],"about":[{"href":"https:\/\/fightclubvaudreuil.com\/fr\/wp-json\/wp\/v2\/types\/page"}],"author":[{"embeddable":true,"href":"https:\/\/fightclubvaudreuil.com\/fr\/wp-json\/wp\/v2\/users\/1"}],"replies":[{"embeddable":true,"href":"https:\/\/fightclubvaudreuil.com\/fr\/wp-json\/wp\/v2\/comments?post=346"}],"version-history":[{"count":6,"href":"https:\/\/fightclubvaudreuil.com\/fr\/wp-json\/wp\/v2\/pages\/346\/revisions"}],"predecessor-version":[{"id":644,"href":"https:\/\/fightclubvaudreuil.com\/fr\/wp-json\/wp\/v2\/pages\/346\/revisions\/644"}],"up":[{"embeddable":true,"href":"https:\/\/fightclubvaudreuil.com\/fr\/wp-json\/wp\/v2\/pages\/25"}],"wp:attachment":[{"href":"https:\/\/fightclubvaudreuil.com\/fr\/wp-json\/wp\/v2\/media?parent=346"}],"curies":[{"name":"wp","href":"https:\/\/api.w.org\/{rel}","templated":true}]}}