{"id":2427,"date":"2026-03-21T16:22:25","date_gmt":"2026-03-21T20:22:25","guid":{"rendered":"https:\/\/fightclubvaudreuil.com\/?post_type=product&#038;p=2427"},"modified":"2026-03-23T17:20:40","modified_gmt":"2026-03-23T21:20:40","slug":"taux-reduit-dicounted-rate","status":"publish","type":"product","link":"https:\/\/fightclubvaudreuil.com\/fr\/produit\/taux-reduit-dicounted-rate\/","title":{"rendered":"Taux Reduit \/ Discounted Rate"},"content":{"rendered":"<p>Cet abonnement donne acc\u00e8s \u00e0 tous les cours, ainsi qu&rsquo;\u00e0 la salle de conditionnement \u00e0 taux r\u00e9duit.<\/p>\n<p>This membership gives access to all classes, as well as the conditioning class.<\/p>\n","protected":false},"excerpt":{"rendered":"<p>Cet abonnement donne acc\u00e8s \u00e0 tous les cours, ainsi qu&rsquo;\u00e0 la salle de conditionnement \u00e0 taux r\u00e9duit. This membership gives access to all classes, as well as the conditioning class.<\/p>\n","protected":false},"featured_media":0,"template":"","meta":{"_acf_changed":false},"product_brand":[],"product_cat":[36,15],"product_tag":[],"class_list":{"0":"post-2427","1":"product","2":"type-product","3":"status-publish","5":"product_cat-abonnement-membership","6":"product_cat-uncategorized","8":"first","9":"instock","10":"taxable","11":"shipping-taxable","12":"purchasable","13":"product-type-subscription"},"acf":[],"_links":{"self":[{"href":"https:\/\/fightclubvaudreuil.com\/fr\/wp-json\/wp\/v2\/product\/2427","targetHints":{"allow":["GET"]}}],"collection":[{"href":"https:\/\/fightclubvaudreuil.com\/fr\/wp-json\/wp\/v2\/product"}],"about":[{"href":"https:\/\/fightclubvaudreuil.com\/fr\/wp-json\/wp\/v2\/types\/product"}],"wp:attachment":[{"href":"https:\/\/fightclubvaudreuil.com\/fr\/wp-json\/wp\/v2\/media?parent=2427"}],"wp:term":[{"taxonomy":"product_brand","embeddable":true,"href":"https:\/\/fightclubvaudreuil.com\/fr\/wp-json\/wp\/v2\/product_brand?post=2427"},{"taxonomy":"product_cat","embeddable":true,"href":"https:\/\/fightclubvaudreuil.com\/fr\/wp-json\/wp\/v2\/product_cat?post=2427"},{"taxonomy":"product_tag","embeddable":true,"href":"https:\/\/fightclubvaudreuil.com\/fr\/wp-json\/wp\/v2\/product_tag?post=2427"}],"curies":[{"name":"wp","href":"https:\/\/api.w.org\/{rel}","templated":true}]}}