{"id":2458,"date":"2026-03-21T16:10:18","date_gmt":"2026-03-21T20:10:18","guid":{"rendered":"https:\/\/fightclubvaudreuil.com\/produit\/intro-a-la-boxe-feminin-womens-intro-to-boxing-session\/"},"modified":"2026-03-24T16:29:03","modified_gmt":"2026-03-24T20:29:03","slug":"intro-a-la-boxe-feminin-womens-intro-to-boxing-session","status":"publish","type":"product","link":"https:\/\/fightclubvaudreuil.com\/fr\/produit\/intro-a-la-boxe-feminin-womens-intro-to-boxing-session\/","title":{"rendered":"Intro \u00e0 la boxe (f\u00e9minin) DIMANCHE 10H"},"content":{"rendered":"<p>Intro \u00e0 la boxe (f\u00e9minin)<\/p>\n<p>Cours du dimanche 10h du 19 avril au 24 mai inclusivement.<\/p>\n<p>6 semaines &#8211; $149.00<\/p>\n","protected":false},"excerpt":{"rendered":"<p>Intro \u00e0 la boxe (f\u00e9minin) Cours du dimanche 10h du 19 avril au 24 mai inclusivement. 6 semaines &#8211; $149.00<\/p>\n","protected":false},"featured_media":0,"template":"","meta":{"_acf_changed":false},"product_brand":[],"product_cat":[15],"product_tag":[],"class_list":{"0":"post-2458","1":"product","2":"type-product","3":"status-publish","5":"product_cat-uncategorized","7":"first","8":"instock","9":"purchasable","10":"product-type-simple"},"acf":[],"_links":{"self":[{"href":"https:\/\/fightclubvaudreuil.com\/fr\/wp-json\/wp\/v2\/product\/2458","targetHints":{"allow":["GET"]}}],"collection":[{"href":"https:\/\/fightclubvaudreuil.com\/fr\/wp-json\/wp\/v2\/product"}],"about":[{"href":"https:\/\/fightclubvaudreuil.com\/fr\/wp-json\/wp\/v2\/types\/product"}],"wp:attachment":[{"href":"https:\/\/fightclubvaudreuil.com\/fr\/wp-json\/wp\/v2\/media?parent=2458"}],"wp:term":[{"taxonomy":"product_brand","embeddable":true,"href":"https:\/\/fightclubvaudreuil.com\/fr\/wp-json\/wp\/v2\/product_brand?post=2458"},{"taxonomy":"product_cat","embeddable":true,"href":"https:\/\/fightclubvaudreuil.com\/fr\/wp-json\/wp\/v2\/product_cat?post=2458"},{"taxonomy":"product_tag","embeddable":true,"href":"https:\/\/fightclubvaudreuil.com\/fr\/wp-json\/wp\/v2\/product_tag?post=2458"}],"curies":[{"name":"wp","href":"https:\/\/api.w.org\/{rel}","templated":true}]}}