{"id":2554,"date":"2026-04-01T17:45:51","date_gmt":"2026-04-01T21:45:51","guid":{"rendered":"https:\/\/fightclubvaudreuil.com\/?post_type=product&#038;p=2554"},"modified":"2026-04-01T17:45:51","modified_gmt":"2026-04-01T21:45:51","slug":"la-nutrition-simplifiee-19-avril-2026","status":"publish","type":"product","link":"https:\/\/fightclubvaudreuil.com\/fr\/produit\/la-nutrition-simplifiee-19-avril-2026\/","title":{"rendered":"La nutrition, simplifi\u00e9e. &#8211; 19 avril, 2026"},"content":{"rendered":"","protected":false},"excerpt":{"rendered":"<p><strong>ATELIER<\/strong><br \/>\n<strong>LA NUTRITION, SIMPLIFI\u00c9E<\/strong><\/p>\n<p>Plus d\u2019\u00e9nergie. De meilleures performances.<\/p>\n<ul>\n<li>Fatigue constante ?<br \/>\n\u2022 Difficult\u00e9 \u00e0 manger de fa\u00e7on r\u00e9guli\u00e8re ?<br \/>\n\u2022 Tu ne sais pas quoi manger ?<br \/>\n\u2022 Tu ne sais pas par o\u00f9 commencer ?<\/li>\n<\/ul>\n<p><strong>Cet atelier est fait pour toi<\/strong><\/p>\n<p>\ud83d\udccd Fight Club Vaudreuil<br \/>\n\ud83d\udcc5 Dimanche 19 avril 2026<br \/>\n\u23f0 15h00 \u2013 16h00<\/p>\n","protected":false},"featured_media":0,"template":"page-templates\/empty.php","meta":{"_acf_changed":false},"product_brand":[],"product_cat":[15],"product_tag":[],"class_list":{"0":"post-2554","1":"product","2":"type-product","3":"status-publish","5":"product_cat-uncategorized","7":"first","8":"instock","9":"taxable","10":"shipping-taxable","11":"purchasable","12":"product-type-simple"},"acf":[],"_links":{"self":[{"href":"https:\/\/fightclubvaudreuil.com\/fr\/wp-json\/wp\/v2\/product\/2554","targetHints":{"allow":["GET"]}}],"collection":[{"href":"https:\/\/fightclubvaudreuil.com\/fr\/wp-json\/wp\/v2\/product"}],"about":[{"href":"https:\/\/fightclubvaudreuil.com\/fr\/wp-json\/wp\/v2\/types\/product"}],"wp:attachment":[{"href":"https:\/\/fightclubvaudreuil.com\/fr\/wp-json\/wp\/v2\/media?parent=2554"}],"wp:term":[{"taxonomy":"product_brand","embeddable":true,"href":"https:\/\/fightclubvaudreuil.com\/fr\/wp-json\/wp\/v2\/product_brand?post=2554"},{"taxonomy":"product_cat","embeddable":true,"href":"https:\/\/fightclubvaudreuil.com\/fr\/wp-json\/wp\/v2\/product_cat?post=2554"},{"taxonomy":"product_tag","embeddable":true,"href":"https:\/\/fightclubvaudreuil.com\/fr\/wp-json\/wp\/v2\/product_tag?post=2554"}],"curies":[{"name":"wp","href":"https:\/\/api.w.org\/{rel}","templated":true}]}}